{"id":201,"date":"2025-09-18T15:24:10","date_gmt":"2025-09-18T13:24:10","guid":{"rendered":"https:\/\/artsbaques.com\/?page_id=201"},"modified":"2025-09-18T15:42:11","modified_gmt":"2025-09-18T13:42:11","slug":"declaracion-de-accesibilidad","status":"publish","type":"page","link":"https:\/\/artsbaques.com\/en\/declaracion-de-accesibilidad\/","title":{"rendered":"Accessibility Statement"},"content":{"rendered":"<div data-elementor-type=\"wp-page\" data-elementor-id=\"201\" class=\"elementor elementor-201\" data-elementor-post-type=\"page\">\n\t\t\t\t<div class=\"elementor-element elementor-element-324bc97 e-flex e-con-boxed e-con e-parent\" data-id=\"324bc97\" data-element_type=\"container\" data-settings=\"{&quot;background_background&quot;:&quot;classic&quot;}\">\n\t\t\t\t\t<div class=\"e-con-inner\">\n\t\t\t\t<div class=\"elementor-element elementor-element-4ed8648 elementor-widget elementor-widget-heading\" data-id=\"4ed8648\" data-element_type=\"widget\" data-widget_type=\"heading.default\">\n\t\t\t\t\t<h2 class=\"elementor-heading-title elementor-size-default\">Accessibility Statement<\/h2>\t\t\t\t<\/div>\n\t\t\t\t\t<\/div>\n\t\t\t\t<\/div>\n\t\t<div class=\"elementor-element elementor-element-48254de e-flex e-con-boxed e-con e-parent\" data-id=\"48254de\" data-element_type=\"container\">\n\t\t\t\t\t<div class=\"e-con-inner\">\n\t\t\t\t<div class=\"elementor-element elementor-element-4c57787 elementor-widget elementor-widget-text-editor\" data-id=\"4c57787\" data-element_type=\"widget\" data-widget_type=\"text-editor.default\">\n\t\t\t\t\t\t\t\t\t<p data-start=\"167\" data-end=\"423\"><strong>Arts&amp;Baqu\u00e9s<\/strong> est\u00e1 comprometida con garantizar la accesibilidad digital para las personas con discapacidad. Trabajamos continuamente para mejorar la experiencia de usuario de todas las personas y aplicamos las normas pertinentes de accesibilidad.<\/p><h4 data-start=\"425\" data-end=\"453\">Estado de conformidad<\/h4><p data-start=\"454\" data-end=\"713\">Las Pautas de Accesibilidad para el Contenido Web (WCAG) definen los requisitos para dise\u00f1adores y desarrolladores con el fin de mejorar la accesibilidad para personas con discapacidad. Estas pautas establecen tres niveles de conformidad: nivel A, AA y AAA.<\/p><p data-start=\"715\" data-end=\"944\"><strong>Arts&amp;Baqu\u00e9s<\/strong> realiza esfuerzos constantes para mejorar la accesibilidad de su sitio web y servicios, convencida de que es una obligaci\u00f3n moral colectiva permitir un uso accesible y sin barreras para todas las personas.<\/p><p data-start=\"946\" data-end=\"1260\">Nuestro objetivo es que todas las p\u00e1ginas y contenidos de<strong><span style=\"color: #000000;\">\u00a0<a style=\"color: #000000;\" href=\"https:\/\/artsbaques.com\/en\/\">artsbaques.com<\/a>\u00a0<\/span><\/strong>sean accesibles, aunque es posible que algunos contenidos a\u00fan no cumplan completamente los est\u00e1ndares m\u00e1s elevados de accesibilidad. Esto puede deberse a dificultades para encontrar la soluci\u00f3n tecnol\u00f3gica adecuada.<\/p><p data-start=\"1262\" data-end=\"1383\">Podemos revisar esta declaraci\u00f3n peri\u00f3dicamente para reflejar mejoras o cambios en nuestras pr\u00e1cticas de accesibilidad.<\/p><h4 data-start=\"1385\" data-end=\"1403\">Sugerencias<\/h4><p data-start=\"1404\" data-end=\"1593\">Agradecemos sus comentarios sobre la accesibilidad del sitio web de <strong>Arts&amp;Baqu\u00e9s<\/strong>. Si encuentra barreras de accesibilidad en nuestro sitio web, por favor comun\u00edquese con nosotros:<\/p><p data-start=\"1595\" data-end=\"1667\">Correo electr\u00f3nico: <strong>info@artsbaques.com<\/strong><\/p><p data-start=\"1753\" data-end=\"1804\">Esta declaraci\u00f3n fue creada el\u00a0<strong data-start=\"1787\" data-end=\"1801\">15\/09\/2025<\/strong>.<\/p>\t\t\t\t\t\t\t\t<\/div>\n\t\t\t\t\t<\/div>\n\t\t\t\t<\/div>\n\t\t\t\t<\/div>","protected":false},"excerpt":{"rendered":"<p>Declaraci\u00f3n de accesibilidad Arts&amp;Baqu\u00e9s est\u00e1 comprometida con garantizar la accesibilidad digital para las personas con discapacidad. Trabajamos continuamente para mejorar la experiencia de usuario de todas las personas y aplicamos las normas pertinentes de accesibilidad. Estado de conformidad Las Pautas de Accesibilidad para el Contenido Web (WCAG) definen los requisitos para dise\u00f1adores y desarrolladores con [&hellip;]<\/p>","protected":false},"author":2,"featured_media":0,"parent":0,"menu_order":0,"comment_status":"closed","ping_status":"closed","template":"elementor_header_footer","meta":{"footnotes":""},"class_list":["post-201","page","type-page","status-publish","hentry"],"yoast_head":"<!-- This site is optimized with the Yoast SEO plugin v25.9 - https:\/\/yoast.com\/wordpress\/plugins\/seo\/ -->\n<title>Declaraci\u00f3n de accesibilidad - Arts&amp;Baqu\u00e9s<\/title>\n<meta name=\"robots\" content=\"index, follow, max-snippet:-1, max-image-preview:large, max-video-preview:-1\" \/>\n<link rel=\"canonical\" href=\"https:\/\/artsbaques.com\/en\/declaracion-de-accesibilidad\/\" \/>\n<meta property=\"og:locale\" content=\"en_GB\" \/>\n<meta property=\"og:type\" content=\"article\" \/>\n<meta property=\"og:title\" content=\"Declaraci\u00f3n de accesibilidad - Arts&amp;Baqu\u00e9s\" \/>\n<meta property=\"og:description\" content=\"Declaraci\u00f3n de accesibilidad Arts&amp;Baqu\u00e9s est\u00e1 comprometida con garantizar la accesibilidad digital para las personas con discapacidad. Trabajamos continuamente para mejorar la experiencia de usuario de todas las personas y aplicamos las normas pertinentes de accesibilidad. Estado de conformidad Las Pautas de Accesibilidad para el Contenido Web (WCAG) definen los requisitos para dise\u00f1adores y desarrolladores con [&hellip;]\" \/>\n<meta property=\"og:url\" content=\"https:\/\/artsbaques.com\/en\/declaracion-de-accesibilidad\/\" \/>\n<meta property=\"og:site_name\" content=\"Arts&amp;Baqu\u00e9s\" \/>\n<meta property=\"article:modified_time\" content=\"2025-09-18T13:42:11+00:00\" \/>\n<meta name=\"twitter:card\" content=\"summary_large_image\" \/>\n<meta name=\"twitter:label1\" content=\"Estimated reading time\" \/>\n\t<meta name=\"twitter:data1\" content=\"1 minute\" \/>\n<script type=\"application\/ld+json\" class=\"yoast-schema-graph\">{\"@context\":\"https:\/\/schema.org\",\"@graph\":[{\"@type\":\"WebPage\",\"@id\":\"https:\/\/artsbaques.com\/declaracion-de-accesibilidad\/\",\"url\":\"https:\/\/artsbaques.com\/declaracion-de-accesibilidad\/\",\"name\":\"Declaraci\u00f3n de accesibilidad - Arts&amp;Baqu\u00e9s\",\"isPartOf\":{\"@id\":\"https:\/\/artsbaques.com\/#website\"},\"datePublished\":\"2025-09-18T13:24:10+00:00\",\"dateModified\":\"2025-09-18T13:42:11+00:00\",\"breadcrumb\":{\"@id\":\"https:\/\/artsbaques.com\/declaracion-de-accesibilidad\/#breadcrumb\"},\"inLanguage\":\"en-GB\",\"potentialAction\":[{\"@type\":\"ReadAction\",\"target\":[\"https:\/\/artsbaques.com\/declaracion-de-accesibilidad\/\"]}]},{\"@type\":\"BreadcrumbList\",\"@id\":\"https:\/\/artsbaques.com\/declaracion-de-accesibilidad\/#breadcrumb\",\"itemListElement\":[{\"@type\":\"ListItem\",\"position\":1,\"name\":\"Portada\",\"item\":\"https:\/\/artsbaques.com\/\"},{\"@type\":\"ListItem\",\"position\":2,\"name\":\"Declaraci\u00f3n de accesibilidad\"}]},{\"@type\":\"WebSite\",\"@id\":\"https:\/\/artsbaques.com\/#website\",\"url\":\"https:\/\/artsbaques.com\/\",\"name\":\"Arts&amp;Baqu\u00e9s\",\"description\":\"\",\"publisher\":{\"@id\":\"https:\/\/artsbaques.com\/#organization\"},\"potentialAction\":[{\"@type\":\"SearchAction\",\"target\":{\"@type\":\"EntryPoint\",\"urlTemplate\":\"https:\/\/artsbaques.com\/?s={search_term_string}\"},\"query-input\":{\"@type\":\"PropertyValueSpecification\",\"valueRequired\":true,\"valueName\":\"search_term_string\"}}],\"inLanguage\":\"en-GB\"},{\"@type\":\"Organization\",\"@id\":\"https:\/\/artsbaques.com\/#organization\",\"name\":\"Arts&amp;Baqu\u00e9s\",\"url\":\"https:\/\/artsbaques.com\/\",\"logo\":{\"@type\":\"ImageObject\",\"inLanguage\":\"en-GB\",\"@id\":\"https:\/\/artsbaques.com\/#\/schema\/logo\/image\/\",\"url\":\"https:\/\/artsbaques.com\/wp-content\/uploads\/2025\/09\/logoartsbaques-scaled-e1758180909186.png\",\"contentUrl\":\"https:\/\/artsbaques.com\/wp-content\/uploads\/2025\/09\/logoartsbaques-scaled-e1758180909186.png\",\"width\":2560,\"height\":1438,\"caption\":\"Arts&amp;Baqu\u00e9s\"},\"image\":{\"@id\":\"https:\/\/artsbaques.com\/#\/schema\/logo\/image\/\"}}]}<\/script>\n<!-- \/ Yoast SEO plugin. -->","yoast_head_json":{"title":"Declaraci\u00f3n de accesibilidad - Arts&amp;Baqu\u00e9s","robots":{"index":"index","follow":"follow","max-snippet":"max-snippet:-1","max-image-preview":"max-image-preview:large","max-video-preview":"max-video-preview:-1"},"canonical":"https:\/\/artsbaques.com\/en\/declaracion-de-accesibilidad\/","og_locale":"en_GB","og_type":"article","og_title":"Declaraci\u00f3n de accesibilidad - Arts&amp;Baqu\u00e9s","og_description":"Declaraci\u00f3n de accesibilidad Arts&amp;Baqu\u00e9s est\u00e1 comprometida con garantizar la accesibilidad digital para las personas con discapacidad. Trabajamos continuamente para mejorar la experiencia de usuario de todas las personas y aplicamos las normas pertinentes de accesibilidad. Estado de conformidad Las Pautas de Accesibilidad para el Contenido Web (WCAG) definen los requisitos para dise\u00f1adores y desarrolladores con [&hellip;]","og_url":"https:\/\/artsbaques.com\/en\/declaracion-de-accesibilidad\/","og_site_name":"Arts&amp;Baqu\u00e9s","article_modified_time":"2025-09-18T13:42:11+00:00","twitter_card":"summary_large_image","twitter_misc":{"Estimated reading time":"1 minute"},"schema":{"@context":"https:\/\/schema.org","@graph":[{"@type":"WebPage","@id":"https:\/\/artsbaques.com\/declaracion-de-accesibilidad\/","url":"https:\/\/artsbaques.com\/declaracion-de-accesibilidad\/","name":"Declaraci\u00f3n de accesibilidad - Arts&amp;Baqu\u00e9s","isPartOf":{"@id":"https:\/\/artsbaques.com\/#website"},"datePublished":"2025-09-18T13:24:10+00:00","dateModified":"2025-09-18T13:42:11+00:00","breadcrumb":{"@id":"https:\/\/artsbaques.com\/declaracion-de-accesibilidad\/#breadcrumb"},"inLanguage":"en-GB","potentialAction":[{"@type":"ReadAction","target":["https:\/\/artsbaques.com\/declaracion-de-accesibilidad\/"]}]},{"@type":"BreadcrumbList","@id":"https:\/\/artsbaques.com\/declaracion-de-accesibilidad\/#breadcrumb","itemListElement":[{"@type":"ListItem","position":1,"name":"Portada","item":"https:\/\/artsbaques.com\/"},{"@type":"ListItem","position":2,"name":"Declaraci\u00f3n de accesibilidad"}]},{"@type":"WebSite","@id":"https:\/\/artsbaques.com\/#website","url":"https:\/\/artsbaques.com\/","name":"Arts&amp;Baqu\u00e9s","description":"","publisher":{"@id":"https:\/\/artsbaques.com\/#organization"},"potentialAction":[{"@type":"SearchAction","target":{"@type":"EntryPoint","urlTemplate":"https:\/\/artsbaques.com\/?s={search_term_string}"},"query-input":{"@type":"PropertyValueSpecification","valueRequired":true,"valueName":"search_term_string"}}],"inLanguage":"en-GB"},{"@type":"Organization","@id":"https:\/\/artsbaques.com\/#organization","name":"Arts&amp;Baqu\u00e9s","url":"https:\/\/artsbaques.com\/","logo":{"@type":"ImageObject","inLanguage":"en-GB","@id":"https:\/\/artsbaques.com\/#\/schema\/logo\/image\/","url":"https:\/\/artsbaques.com\/wp-content\/uploads\/2025\/09\/logoartsbaques-scaled-e1758180909186.png","contentUrl":"https:\/\/artsbaques.com\/wp-content\/uploads\/2025\/09\/logoartsbaques-scaled-e1758180909186.png","width":2560,"height":1438,"caption":"Arts&amp;Baqu\u00e9s"},"image":{"@id":"https:\/\/artsbaques.com\/#\/schema\/logo\/image\/"}}]}},"_links":{"self":[{"href":"https:\/\/artsbaques.com\/en\/wp-json\/wp\/v2\/pages\/201","targetHints":{"allow":["GET"]}}],"collection":[{"href":"https:\/\/artsbaques.com\/en\/wp-json\/wp\/v2\/pages"}],"about":[{"href":"https:\/\/artsbaques.com\/en\/wp-json\/wp\/v2\/types\/page"}],"author":[{"embeddable":true,"href":"https:\/\/artsbaques.com\/en\/wp-json\/wp\/v2\/users\/2"}],"replies":[{"embeddable":true,"href":"https:\/\/artsbaques.com\/en\/wp-json\/wp\/v2\/comments?post=201"}],"version-history":[{"count":10,"href":"https:\/\/artsbaques.com\/en\/wp-json\/wp\/v2\/pages\/201\/revisions"}],"predecessor-version":[{"id":212,"href":"https:\/\/artsbaques.com\/en\/wp-json\/wp\/v2\/pages\/201\/revisions\/212"}],"wp:attachment":[{"href":"https:\/\/artsbaques.com\/en\/wp-json\/wp\/v2\/media?parent=201"}],"curies":[{"name":"wp","href":"https:\/\/api.w.org\/{rel}","templated":true}]}}