{"id":19,"date":"2025-09-16T11:42:53","date_gmt":"2025-09-16T09:42:53","guid":{"rendered":"https:\/\/artsbaques.com\/?page_id=19"},"modified":"2025-09-23T18:48:49","modified_gmt":"2025-09-23T16:48:49","slug":"contacto","status":"publish","type":"page","link":"https:\/\/artsbaques.com\/en\/contacto\/","title":{"rendered":"Contact"},"content":{"rendered":"<div data-elementor-type=\"wp-page\" data-elementor-id=\"19\" class=\"elementor elementor-19\" data-elementor-post-type=\"page\">\n\t\t\t\t<div class=\"elementor-element elementor-element-90d9af3 e-flex e-con-boxed e-con e-parent\" data-id=\"90d9af3\" data-element_type=\"container\" data-settings=\"{&quot;background_background&quot;:&quot;classic&quot;}\">\n\t\t\t\t\t<div class=\"e-con-inner\">\n\t\t\t\t<div class=\"elementor-element elementor-element-f00180e elementor-widget elementor-widget-heading\" data-id=\"f00180e\" data-element_type=\"widget\" data-widget_type=\"heading.default\">\n\t\t\t\t\t<h2 class=\"elementor-heading-title elementor-size-default\">Contact<\/h2>\t\t\t\t<\/div>\n\t\t\t\t\t<\/div>\n\t\t\t\t<\/div>\n\t\t<div class=\"elementor-element elementor-element-8a81956 e-flex e-con-boxed e-con e-parent\" data-id=\"8a81956\" data-element_type=\"container\">\n\t\t\t\t\t<div class=\"e-con-inner\">\n\t\t<div class=\"elementor-element elementor-element-bd20815 e-con-full e-flex e-con e-child\" data-id=\"bd20815\" data-element_type=\"container\">\n\t\t\t\t<div class=\"elementor-element elementor-element-a0938b2 elementor-widget elementor-widget-heading\" data-id=\"a0938b2\" data-element_type=\"widget\" data-widget_type=\"heading.default\">\n\t\t\t\t\t<h2 class=\"elementor-heading-title elementor-size-default\">Get in touch with us<\/h2>\t\t\t\t<\/div>\n\t\t\t\t<div class=\"elementor-element elementor-element-052b2a3 elementor-widget elementor-widget-text-editor\" data-id=\"052b2a3\" data-element_type=\"widget\" data-widget_type=\"text-editor.default\">\n\t\t\t\t\t\t\t\t\t<p>At <strong data-start=\"301\" data-end=\"318\">Arts &amp; Baqu\u00e9s<\/strong> we will be delighted to assist you personally.<br data-start=\"367\" data-end=\"370\" \/>If you would like more information about the available works, to have a piece appraised, or to arrange an appointment, please fill out the form and we will get back to you as soon as possible.<\/p>\t\t\t\t\t\t\t\t<\/div>\n\t\t\t\t<div class=\"elementor-element elementor-element-44c1635 elementor-widget elementor-widget-heading\" data-id=\"44c1635\" data-element_type=\"widget\" data-widget_type=\"heading.default\">\n\t\t\t\t\t<h2 class=\"elementor-heading-title elementor-size-default\"><a href=\"mailto:info@artsbaques.com%20\" target=\"_blank\">info@artsbaques.com <\/a><\/h2>\t\t\t\t<\/div>\n\t\t\t\t<\/div>\n\t\t<div class=\"elementor-element elementor-element-7bacb4e e-con-full e-flex e-con e-child\" data-id=\"7bacb4e\" data-element_type=\"container\">\n\t\t\t\t<div class=\"elementor-element elementor-element-97bd855 elementor-button-align-stretch elementor-widget elementor-widget-form\" data-id=\"97bd855\" data-element_type=\"widget\" data-settings=\"{&quot;button_width&quot;:&quot;33&quot;,&quot;step_next_label&quot;:&quot;Siguiente&quot;,&quot;step_previous_label&quot;:&quot;Anterior&quot;,&quot;step_type&quot;:&quot;number_text&quot;,&quot;step_icon_shape&quot;:&quot;circle&quot;}\" data-widget_type=\"form.default\">\n\t\t\t\t\t\t\t<form class=\"elementor-form\" method=\"post\" name=\"Nuevo formulario\" aria-label=\"Nuevo formulario\" action=\"\">\n\t\t\t<input type=\"hidden\" name=\"post_id\" value=\"19\"\/>\n\t\t\t<input type=\"hidden\" name=\"form_id\" value=\"97bd855\"\/>\n\t\t\t<input type=\"hidden\" name=\"referer_title\" value=\"Contacto - Arts&amp;Baqu\u00e9s\" \/>\n\n\t\t\t\t\t\t\t<input type=\"hidden\" name=\"queried_id\" value=\"19\"\/>\n\t\t\t\n\t\t\t<div class=\"elementor-form-fields-wrapper elementor-labels-above\">\n\t\t\t\t\t\t\t\t<div class=\"elementor-field-type-text elementor-field-group elementor-column elementor-field-group-name elementor-col-100 elementor-field-required\">\n\t\t\t\t\t\t\t\t\t\t\t\t<label for=\"form-field-name\" class=\"elementor-field-label\">\n\t\t\t\t\t\t\t\tName\t\t\t\t\t\t\t<\/label>\n\t\t\t\t\t\t\t\t\t\t\t\t\t\t<input size=\"1\" type=\"text\" name=\"form_fields[name]\" id=\"form-field-name\" class=\"elementor-field elementor-size-sm  elementor-field-textual\" required=\"required\">\n\t\t\t\t\t\t\t\t\t\t\t<\/div>\n\t\t\t\t\t\t\t\t<div class=\"elementor-field-type-email elementor-field-group elementor-column elementor-field-group-email elementor-col-100 elementor-field-required\">\n\t\t\t\t\t\t\t\t\t\t\t\t<label for=\"form-field-email\" class=\"elementor-field-label\">\n\t\t\t\t\t\t\t\tEmail address\t\t\t\t\t\t\t<\/label>\n\t\t\t\t\t\t\t\t\t\t\t\t\t\t<input size=\"1\" type=\"email\" name=\"form_fields[email]\" id=\"form-field-email\" class=\"elementor-field elementor-size-sm  elementor-field-textual\" required=\"required\">\n\t\t\t\t\t\t\t\t\t\t\t<\/div>\n\t\t\t\t\t\t\t\t<div class=\"elementor-field-type-textarea elementor-field-group elementor-column elementor-field-group-message elementor-col-100 elementor-field-required\">\n\t\t\t\t\t\t\t\t\t\t\t\t<label for=\"form-field-message\" class=\"elementor-field-label\">\n\t\t\t\t\t\t\t\tMessage\t\t\t\t\t\t\t<\/label>\n\t\t\t\t\t\t<textarea class=\"elementor-field-textual elementor-field  elementor-size-sm\" name=\"form_fields[message]\" id=\"form-field-message\" rows=\"4\" required=\"required\"><\/textarea>\t\t\t\t<\/div>\n\t\t\t\t\t\t\t\t<div class=\"elementor-field-type-acceptance elementor-field-group elementor-column elementor-field-group-field_5e127f4 elementor-col-100 elementor-field-required\">\n\t\t\t\t\t\t\t<div class=\"elementor-field-subgroup\">\n\t\t\t<span class=\"elementor-field-option\">\n\t\t\t\t<input type=\"checkbox\" name=\"form_fields[field_5e127f4]\" id=\"form-field-field_5e127f4\" class=\"elementor-field elementor-size-sm  elementor-acceptance-field\" required=\"required\">\n\t\t\t\t<label for=\"form-field-field_5e127f4\">I ACCEPT THE PRIVACY POLICY<br>For the purposes set out in the General Data Protection Regulation (GDPR), you are hereby informed that the personal data you provide through this form will be incorporated into a file owned by Arts &amp; Baqu\u00e9s. You can find detailed information in our Legal Notice and Privacy Policy.<\/label>\t\t\t<\/span>\n\t\t<\/div>\n\t\t\t\t\t\t<\/div>\n\t\t\t\t\t\t\t\t<div class=\"elementor-field-type-recaptcha_v3 elementor-field-group elementor-column elementor-field-group-field_77deda8 elementor-col-100 recaptcha_v3-bottomright\">\n\t\t\t\t\t<div class=\"elementor-field\" id=\"form-field-field_77deda8\"><div class=\"elementor-g-recaptcha\" data-sitekey=\"6LcBps0rAAAAAOe9wl0z6TBGTVB_BVHrqtddAHgj\" data-type=\"v3\" data-action=\"Form\" data-badge=\"bottomright\" data-size=\"invisible\"><\/div><\/div>\t\t\t\t<\/div>\n\t\t\t\t\t\t\t\t<div class=\"elementor-field-group elementor-column elementor-field-type-submit elementor-col-33 e-form__buttons\">\n\t\t\t\t\t<button class=\"elementor-button elementor-size-sm\" type=\"submit\">\n\t\t\t\t\t\t<span class=\"elementor-button-content-wrapper\">\n\t\t\t\t\t\t\t\t\t\t\t\t\t\t\t\t\t\t\t\t\t\t<span class=\"elementor-button-text\">Send<\/span>\n\t\t\t\t\t\t\t\t\t\t\t\t\t<\/span>\n\t\t\t\t\t<\/button>\n\t\t\t\t<\/div>\n\t\t\t<\/div>\n\t\t<input type=\"hidden\" name=\"trp-form-language\" value=\"en\"\/><\/form>\n\t\t\t\t\t\t<\/div>\n\t\t\t\t<\/div>\n\t\t\t\t\t<\/div>\n\t\t\t\t<\/div>\n\t\t\t\t<\/div>","protected":false},"excerpt":{"rendered":"<p>Contacto P\u00f3ngase en contacto con nosotros En Arts &amp; Baqu\u00e9s estaremos encantados de atenderle personalmente.Si desea recibir m\u00e1s informaci\u00f3n sobre las obras disponibles, valorar una pieza o concertar una cita, complete el formulario y nos pondremos en contacto con usted a la mayor brevedad. info@artsbaques.com<\/p>","protected":false},"author":2,"featured_media":0,"parent":0,"menu_order":0,"comment_status":"closed","ping_status":"closed","template":"elementor_header_footer","meta":{"footnotes":""},"class_list":["post-19","page","type-page","status-publish","hentry"],"yoast_head":"<!-- This site is optimized with the Yoast SEO plugin v25.9 - https:\/\/yoast.com\/wordpress\/plugins\/seo\/ -->\n<title>Contacto - Arts&amp;Baqu\u00e9s<\/title>\n<meta name=\"robots\" content=\"index, follow, max-snippet:-1, max-image-preview:large, max-video-preview:-1\" \/>\n<link rel=\"canonical\" href=\"https:\/\/artsbaques.com\/en\/contacto\/\" \/>\n<meta property=\"og:locale\" content=\"en_GB\" \/>\n<meta property=\"og:type\" content=\"article\" \/>\n<meta property=\"og:title\" content=\"Contacto - Arts&amp;Baqu\u00e9s\" \/>\n<meta property=\"og:description\" content=\"Contacto P\u00f3ngase en contacto con nosotros En Arts &amp; Baqu\u00e9s estaremos encantados de atenderle personalmente.Si desea recibir m\u00e1s informaci\u00f3n sobre las obras disponibles, valorar una pieza o concertar una cita, complete el formulario y nos pondremos en contacto con usted a la mayor brevedad. info@artsbaques.com\" \/>\n<meta property=\"og:url\" content=\"https:\/\/artsbaques.com\/en\/contacto\/\" \/>\n<meta property=\"og:site_name\" content=\"Arts&amp;Baqu\u00e9s\" \/>\n<meta property=\"article:modified_time\" content=\"2025-09-23T16:48:49+00:00\" \/>\n<meta name=\"twitter:card\" content=\"summary_large_image\" \/>\n<meta name=\"twitter:label1\" content=\"Estimated reading time\" \/>\n\t<meta name=\"twitter:data1\" content=\"1 minute\" \/>\n<script type=\"application\/ld+json\" class=\"yoast-schema-graph\">{\"@context\":\"https:\/\/schema.org\",\"@graph\":[{\"@type\":\"WebPage\",\"@id\":\"https:\/\/artsbaques.com\/contacto\/\",\"url\":\"https:\/\/artsbaques.com\/contacto\/\",\"name\":\"Contacto - Arts&amp;Baqu\u00e9s\",\"isPartOf\":{\"@id\":\"https:\/\/artsbaques.com\/#website\"},\"datePublished\":\"2025-09-16T09:42:53+00:00\",\"dateModified\":\"2025-09-23T16:48:49+00:00\",\"breadcrumb\":{\"@id\":\"https:\/\/artsbaques.com\/contacto\/#breadcrumb\"},\"inLanguage\":\"en-GB\",\"potentialAction\":[{\"@type\":\"ReadAction\",\"target\":[\"https:\/\/artsbaques.com\/contacto\/\"]}]},{\"@type\":\"BreadcrumbList\",\"@id\":\"https:\/\/artsbaques.com\/contacto\/#breadcrumb\",\"itemListElement\":[{\"@type\":\"ListItem\",\"position\":1,\"name\":\"Portada\",\"item\":\"https:\/\/artsbaques.com\/\"},{\"@type\":\"ListItem\",\"position\":2,\"name\":\"Contacto\"}]},{\"@type\":\"WebSite\",\"@id\":\"https:\/\/artsbaques.com\/#website\",\"url\":\"https:\/\/artsbaques.com\/\",\"name\":\"Arts&amp;Baqu\u00e9s\",\"description\":\"\",\"publisher\":{\"@id\":\"https:\/\/artsbaques.com\/#organization\"},\"potentialAction\":[{\"@type\":\"SearchAction\",\"target\":{\"@type\":\"EntryPoint\",\"urlTemplate\":\"https:\/\/artsbaques.com\/?s={search_term_string}\"},\"query-input\":{\"@type\":\"PropertyValueSpecification\",\"valueRequired\":true,\"valueName\":\"search_term_string\"}}],\"inLanguage\":\"en-GB\"},{\"@type\":\"Organization\",\"@id\":\"https:\/\/artsbaques.com\/#organization\",\"name\":\"Arts&amp;Baqu\u00e9s\",\"url\":\"https:\/\/artsbaques.com\/\",\"logo\":{\"@type\":\"ImageObject\",\"inLanguage\":\"en-GB\",\"@id\":\"https:\/\/artsbaques.com\/#\/schema\/logo\/image\/\",\"url\":\"https:\/\/artsbaques.com\/wp-content\/uploads\/2025\/09\/logoartsbaques-scaled-e1758180909186.png\",\"contentUrl\":\"https:\/\/artsbaques.com\/wp-content\/uploads\/2025\/09\/logoartsbaques-scaled-e1758180909186.png\",\"width\":2560,\"height\":1438,\"caption\":\"Arts&amp;Baqu\u00e9s\"},\"image\":{\"@id\":\"https:\/\/artsbaques.com\/#\/schema\/logo\/image\/\"}}]}<\/script>\n<!-- \/ Yoast SEO plugin. -->","yoast_head_json":{"title":"Contacto - Arts&amp;Baqu\u00e9s","robots":{"index":"index","follow":"follow","max-snippet":"max-snippet:-1","max-image-preview":"max-image-preview:large","max-video-preview":"max-video-preview:-1"},"canonical":"https:\/\/artsbaques.com\/en\/contacto\/","og_locale":"en_GB","og_type":"article","og_title":"Contacto - Arts&amp;Baqu\u00e9s","og_description":"Contacto P\u00f3ngase en contacto con nosotros En Arts &amp; Baqu\u00e9s estaremos encantados de atenderle personalmente.Si desea recibir m\u00e1s informaci\u00f3n sobre las obras disponibles, valorar una pieza o concertar una cita, complete el formulario y nos pondremos en contacto con usted a la mayor brevedad. info@artsbaques.com","og_url":"https:\/\/artsbaques.com\/en\/contacto\/","og_site_name":"Arts&amp;Baqu\u00e9s","article_modified_time":"2025-09-23T16:48:49+00:00","twitter_card":"summary_large_image","twitter_misc":{"Estimated reading time":"1 minute"},"schema":{"@context":"https:\/\/schema.org","@graph":[{"@type":"WebPage","@id":"https:\/\/artsbaques.com\/contacto\/","url":"https:\/\/artsbaques.com\/contacto\/","name":"Contacto - Arts&amp;Baqu\u00e9s","isPartOf":{"@id":"https:\/\/artsbaques.com\/#website"},"datePublished":"2025-09-16T09:42:53+00:00","dateModified":"2025-09-23T16:48:49+00:00","breadcrumb":{"@id":"https:\/\/artsbaques.com\/contacto\/#breadcrumb"},"inLanguage":"en-GB","potentialAction":[{"@type":"ReadAction","target":["https:\/\/artsbaques.com\/contacto\/"]}]},{"@type":"BreadcrumbList","@id":"https:\/\/artsbaques.com\/contacto\/#breadcrumb","itemListElement":[{"@type":"ListItem","position":1,"name":"Portada","item":"https:\/\/artsbaques.com\/"},{"@type":"ListItem","position":2,"name":"Contacto"}]},{"@type":"WebSite","@id":"https:\/\/artsbaques.com\/#website","url":"https:\/\/artsbaques.com\/","name":"Arts&amp;Baqu\u00e9s","description":"","publisher":{"@id":"https:\/\/artsbaques.com\/#organization"},"potentialAction":[{"@type":"SearchAction","target":{"@type":"EntryPoint","urlTemplate":"https:\/\/artsbaques.com\/?s={search_term_string}"},"query-input":{"@type":"PropertyValueSpecification","valueRequired":true,"valueName":"search_term_string"}}],"inLanguage":"en-GB"},{"@type":"Organization","@id":"https:\/\/artsbaques.com\/#organization","name":"Arts&amp;Baqu\u00e9s","url":"https:\/\/artsbaques.com\/","logo":{"@type":"ImageObject","inLanguage":"en-GB","@id":"https:\/\/artsbaques.com\/#\/schema\/logo\/image\/","url":"https:\/\/artsbaques.com\/wp-content\/uploads\/2025\/09\/logoartsbaques-scaled-e1758180909186.png","contentUrl":"https:\/\/artsbaques.com\/wp-content\/uploads\/2025\/09\/logoartsbaques-scaled-e1758180909186.png","width":2560,"height":1438,"caption":"Arts&amp;Baqu\u00e9s"},"image":{"@id":"https:\/\/artsbaques.com\/#\/schema\/logo\/image\/"}}]}},"_links":{"self":[{"href":"https:\/\/artsbaques.com\/en\/wp-json\/wp\/v2\/pages\/19","targetHints":{"allow":["GET"]}}],"collection":[{"href":"https:\/\/artsbaques.com\/en\/wp-json\/wp\/v2\/pages"}],"about":[{"href":"https:\/\/artsbaques.com\/en\/wp-json\/wp\/v2\/types\/page"}],"author":[{"embeddable":true,"href":"https:\/\/artsbaques.com\/en\/wp-json\/wp\/v2\/users\/2"}],"replies":[{"embeddable":true,"href":"https:\/\/artsbaques.com\/en\/wp-json\/wp\/v2\/comments?post=19"}],"version-history":[{"count":28,"href":"https:\/\/artsbaques.com\/en\/wp-json\/wp\/v2\/pages\/19\/revisions"}],"predecessor-version":[{"id":226,"href":"https:\/\/artsbaques.com\/en\/wp-json\/wp\/v2\/pages\/19\/revisions\/226"}],"wp:attachment":[{"href":"https:\/\/artsbaques.com\/en\/wp-json\/wp\/v2\/media?parent=19"}],"curies":[{"name":"wp","href":"https:\/\/api.w.org\/{rel}","templated":true}]}}