{"id":15,"date":"2025-09-16T11:41:22","date_gmt":"2025-09-16T09:41:22","guid":{"rendered":"https:\/\/artsbaques.com\/?page_id=15"},"modified":"2025-09-18T16:25:45","modified_gmt":"2025-09-18T14:25:45","slug":"inicio","status":"publish","type":"page","link":"https:\/\/artsbaques.com\/en\/","title":{"rendered":"Home"},"content":{"rendered":"<div data-elementor-type=\"wp-page\" data-elementor-id=\"15\" class=\"elementor elementor-15\" data-elementor-post-type=\"page\">\n\t\t\t\t<div class=\"elementor-element elementor-element-f301112 e-flex e-con-boxed e-con e-parent\" data-id=\"f301112\" data-element_type=\"container\">\n\t\t\t\t\t<div class=\"e-con-inner\">\n\t\t<div class=\"elementor-element elementor-element-0ab7727 e-con-full e-flex e-con e-child\" data-id=\"0ab7727\" data-element_type=\"container\">\n\t\t\t\t<div class=\"elementor-element elementor-element-cb197aa elementor-widget elementor-widget-heading\" data-id=\"cb197aa\" data-element_type=\"widget\" data-widget_type=\"heading.default\">\n\t\t\t\t\t<h2 class=\"elementor-heading-title elementor-size-default\">Welcome to Arts &amp; Baqu\u00e9s<\/h2>\t\t\t\t<\/div>\n\t\t\t\t<div class=\"elementor-element elementor-element-6e70427 elementor-widget elementor-widget-text-editor\" data-id=\"6e70427\" data-element_type=\"widget\" data-widget_type=\"text-editor.default\">\n\t\t\t\t\t\t\t\t\t<p>A space dedicated to art and tradition, where every work tells a story and every acquisition becomes a legacy.<\/p>\t\t\t\t\t\t\t\t<\/div>\n\t\t\t\t<div class=\"elementor-element elementor-element-008cace elementor-widget elementor-widget-text-editor\" data-id=\"008cace\" data-element_type=\"widget\" data-widget_type=\"text-editor.default\">\n\t\t\t\t\t\t\t\t\t<p>Discover our selection of unique works by internationally renowned artists.<br data-start=\"658\" data-end=\"661\" \/>Among them, you will find pieces by Dal\u00ed, Mir\u00f3, and Picasso, currently available for acquisition.<\/p>\t\t\t\t\t\t\t\t<\/div>\n\t\t\t\t<div class=\"elementor-element elementor-element-6c3c80f elementor-widget elementor-widget-text-editor\" data-id=\"6c3c80f\" data-element_type=\"widget\" data-widget_type=\"text-editor.default\">\n\t\t\t\t\t\t\t\t\t<p>At Arts &amp; Baqu\u00e9s, we believe that buying or selling a work of art should be a clear and personal experience.<br data-start=\"925\" data-end=\"928\" \/>Our commitment is to accompany you every step of the way, with discretion and transparency.<\/p>\t\t\t\t\t\t\t\t<\/div>\n\t\t\t\t<div class=\"elementor-element elementor-element-5a65adc elementor-widget elementor-widget-text-editor\" data-id=\"5a65adc\" data-element_type=\"widget\" data-widget_type=\"text-editor.default\">\n\t\t\t\t\t\t\t\t\t<p>Explore our catalog and feel free to contact us for more information.<br data-start=\"1176\" data-end=\"1179\" \/>We will be delighted to assist you personally.<\/p>\t\t\t\t\t\t\t\t<\/div>\n\t\t\t\t<div class=\"elementor-element elementor-element-c58aad1 elementor-widget elementor-widget-button\" data-id=\"c58aad1\" data-element_type=\"widget\" data-widget_type=\"button.default\">\n\t\t\t\t\t\t\t\t\t\t<a class=\"elementor-button elementor-button-link elementor-size-sm\" href=\"https:\/\/artsbaques.com\/en\/galeria\/\">\n\t\t\t\t\t\t<span class=\"elementor-button-content-wrapper\">\n\t\t\t\t\t\t\t\t\t<span class=\"elementor-button-text\">Explore Gallery<\/span>\n\t\t\t\t\t<\/span>\n\t\t\t\t\t<\/a>\n\t\t\t\t\t\t\t\t<\/div>\n\t\t\t\t<\/div>\n\t\t<div class=\"elementor-element elementor-element-2e82d3a e-con-full e-flex e-con e-child\" data-id=\"2e82d3a\" data-element_type=\"container\">\n\t\t\t\t<div class=\"elementor-element elementor-element-6eccea5 elementor-widget elementor-widget-image\" data-id=\"6eccea5\" data-element_type=\"widget\" data-widget_type=\"image.default\">\n\t\t\t\t\t\t\t\t\t\t\t\t\t\t\t<img fetchpriority=\"high\" decoding=\"async\" width=\"747\" height=\"1024\" src=\"https:\/\/artsbaques.com\/wp-content\/uploads\/2025\/09\/2025_09_15-13_40-Office-Lens-2-747x1024.jpg\" class=\"attachment-large size-large wp-image-47\" alt=\"\" srcset=\"https:\/\/artsbaques.com\/wp-content\/uploads\/2025\/09\/2025_09_15-13_40-Office-Lens-2-747x1024.jpg 747w, https:\/\/artsbaques.com\/wp-content\/uploads\/2025\/09\/2025_09_15-13_40-Office-Lens-2-219x300.jpg 219w, https:\/\/artsbaques.com\/wp-content\/uploads\/2025\/09\/2025_09_15-13_40-Office-Lens-2-768x1053.jpg 768w, https:\/\/artsbaques.com\/wp-content\/uploads\/2025\/09\/2025_09_15-13_40-Office-Lens-2-1120x1536.jpg 1120w, https:\/\/artsbaques.com\/wp-content\/uploads\/2025\/09\/2025_09_15-13_40-Office-Lens-2-9x12.jpg 9w, https:\/\/artsbaques.com\/wp-content\/uploads\/2025\/09\/2025_09_15-13_40-Office-Lens-2.jpg 1167w\" sizes=\"(max-width: 747px) 100vw, 747px\" \/>\t\t\t\t\t\t\t\t\t\t\t\t\t\t\t<\/div>\n\t\t\t\t<\/div>\n\t\t\t\t\t<\/div>\n\t\t\t\t<\/div>\n\t\t<div class=\"elementor-element elementor-element-fa1eddf e-flex e-con-boxed e-con e-parent\" data-id=\"fa1eddf\" data-element_type=\"container\">\n\t\t\t\t\t<div class=\"e-con-inner\">\n\t\t<div class=\"elementor-element elementor-element-8f680f3 e-con-full e-flex e-con e-child\" data-id=\"8f680f3\" data-element_type=\"container\">\n\t\t\t\t<div class=\"elementor-element elementor-element-b2b013a elementor-widget elementor-widget-image\" data-id=\"b2b013a\" data-element_type=\"widget\" data-widget_type=\"image.default\">\n\t\t\t\t\t\t\t\t\t\t\t\t\t\t\t<img decoding=\"async\" width=\"600\" height=\"600\" src=\"https:\/\/artsbaques.com\/wp-content\/uploads\/2025\/09\/1.png\" class=\"attachment-large size-large wp-image-110\" alt=\"\" srcset=\"https:\/\/artsbaques.com\/wp-content\/uploads\/2025\/09\/1.png 600w, https:\/\/artsbaques.com\/wp-content\/uploads\/2025\/09\/1-300x300.png 300w, https:\/\/artsbaques.com\/wp-content\/uploads\/2025\/09\/1-150x150.png 150w, https:\/\/artsbaques.com\/wp-content\/uploads\/2025\/09\/1-12x12.png 12w\" sizes=\"(max-width: 600px) 100vw, 600px\" \/>\t\t\t\t\t\t\t\t\t\t\t\t\t\t\t<\/div>\n\t\t\t\t<\/div>\n\t\t<div class=\"elementor-element elementor-element-3197cc8 e-con-full e-flex e-con e-child\" data-id=\"3197cc8\" data-element_type=\"container\">\n\t\t\t\t<div class=\"elementor-element elementor-element-5e88e15 elementor-widget elementor-widget-image\" data-id=\"5e88e15\" data-element_type=\"widget\" data-widget_type=\"image.default\">\n\t\t\t\t\t\t\t\t\t\t\t\t\t\t\t<img decoding=\"async\" width=\"600\" height=\"600\" src=\"https:\/\/artsbaques.com\/wp-content\/uploads\/2025\/09\/2.png\" class=\"attachment-large size-large wp-image-111\" alt=\"\" srcset=\"https:\/\/artsbaques.com\/wp-content\/uploads\/2025\/09\/2.png 600w, https:\/\/artsbaques.com\/wp-content\/uploads\/2025\/09\/2-300x300.png 300w, https:\/\/artsbaques.com\/wp-content\/uploads\/2025\/09\/2-150x150.png 150w, https:\/\/artsbaques.com\/wp-content\/uploads\/2025\/09\/2-12x12.png 12w\" sizes=\"(max-width: 600px) 100vw, 600px\" \/>\t\t\t\t\t\t\t\t\t\t\t\t\t\t\t<\/div>\n\t\t\t\t<\/div>\n\t\t\t\t\t<\/div>\n\t\t\t\t<\/div>\n\t\t<div class=\"elementor-element elementor-element-0be9b99 e-flex e-con-boxed e-con e-parent\" data-id=\"0be9b99\" data-element_type=\"container\" data-settings=\"{&quot;background_background&quot;:&quot;classic&quot;}\">\n\t\t\t\t\t<div class=\"e-con-inner\">\n\t\t\t\t<div class=\"elementor-element elementor-element-20564e7 elementor-blockquote--skin-quotation elementor-blockquote--align-center elementor-widget elementor-widget-blockquote\" data-id=\"20564e7\" data-element_type=\"widget\" data-widget_type=\"blockquote.default\">\n\t\t\t\t\t\t\t<blockquote class=\"elementor-blockquote\">\n\t\t\t<p class=\"elementor-blockquote__content\">\n\t\t\t\t\u201cArt is the only way to escape without leaving home.\u201d\t\t\t<\/p>\n\t\t\t\t\t\t\t<div class=\"e-q-footer\">\n\t\t\t\t\t\t\t\t\t\t\t<cite class=\"elementor-blockquote__author\">Salvador Dal\u00ed<\/cite>\n\t\t\t\t\t\t\t\t\t\t\t\t\t\t<\/div>\n\t\t\t\t\t<\/blockquote>\n\t\t\t\t\t\t<\/div>\n\t\t\t\t\t<\/div>\n\t\t\t\t<\/div>\n\t\t<div class=\"elementor-element elementor-element-ef8acd4 e-flex e-con-boxed e-con e-parent\" data-id=\"ef8acd4\" data-element_type=\"container\">\n\t\t\t\t\t<div class=\"e-con-inner\">\n\t\t<div class=\"elementor-element elementor-element-410f3ba e-con-full e-flex e-con e-child\" data-id=\"410f3ba\" data-element_type=\"container\">\n\t\t\t\t<div class=\"elementor-element elementor-element-338b6f1 elementor-widget elementor-widget-image\" data-id=\"338b6f1\" data-element_type=\"widget\" data-widget_type=\"image.default\">\n\t\t\t\t\t\t\t\t\t\t\t\t\t\t\t<img loading=\"lazy\" decoding=\"async\" width=\"768\" height=\"1024\" src=\"https:\/\/artsbaques.com\/wp-content\/uploads\/2025\/09\/IMG-20200909-WA0001-768x1024.jpg\" class=\"attachment-large size-large wp-image-94\" alt=\"\" srcset=\"https:\/\/artsbaques.com\/wp-content\/uploads\/2025\/09\/IMG-20200909-WA0001-768x1024.jpg 768w, https:\/\/artsbaques.com\/wp-content\/uploads\/2025\/09\/IMG-20200909-WA0001-225x300.jpg 225w, https:\/\/artsbaques.com\/wp-content\/uploads\/2025\/09\/IMG-20200909-WA0001-1152x1536.jpg 1152w, https:\/\/artsbaques.com\/wp-content\/uploads\/2025\/09\/IMG-20200909-WA0001-9x12.jpg 9w, https:\/\/artsbaques.com\/wp-content\/uploads\/2025\/09\/IMG-20200909-WA0001.jpg 1200w\" sizes=\"(max-width: 768px) 100vw, 768px\" \/>\t\t\t\t\t\t\t\t\t\t\t\t\t\t\t<\/div>\n\t\t\t\t<\/div>\n\t\t<div class=\"elementor-element elementor-element-ab7cec0 e-con-full e-flex e-con e-child\" data-id=\"ab7cec0\" data-element_type=\"container\">\n\t\t\t\t<div class=\"elementor-element elementor-element-994af06 elementor-widget elementor-widget-heading\" data-id=\"994af06\" data-element_type=\"widget\" data-widget_type=\"heading.default\">\n\t\t\t\t\t<h2 class=\"elementor-heading-title elementor-size-default\">History<\/h2>\t\t\t\t<\/div>\n\t\t\t\t<div class=\"elementor-element elementor-element-d07e270 elementor-widget elementor-widget-text-editor\" data-id=\"d07e270\" data-element_type=\"widget\" data-widget_type=\"text-editor.default\">\n\t\t\t\t\t\t\t\t\t<p><strong data-start=\"232\" data-end=\"249\">Arts &amp; Baqu\u00e9s<\/strong> was founded by Xavi and Josep Baqu\u00e9s with the purpose of keeping alive a family tradition linked to the world of art, jewelry, and watches.<\/p>\t\t\t\t\t\t\t\t<\/div>\n\t\t\t\t<div class=\"elementor-element elementor-element-fd44b9b elementor-widget elementor-widget-text-editor\" data-id=\"fd44b9b\" data-element_type=\"widget\" data-widget_type=\"text-editor.default\">\n\t\t\t\t\t\t\t\t\t<p>In an increasingly impersonal environment, we offer a close and transparent service to those wishing to buy or sell works of art. We specialize in the great masters: Dal\u00ed, Mir\u00f3, and Picasso.<\/p>\t\t\t\t\t\t\t\t<\/div>\n\t\t\t\t<div class=\"elementor-element elementor-element-42184db elementor-widget elementor-widget-text-editor\" data-id=\"42184db\" data-element_type=\"widget\" data-widget_type=\"text-editor.default\">\n\t\t\t\t\t\t\t\t\t<p>At present, we have a carefully curated selection of pieces available for sale, which you can discover on this website.<\/p>\t\t\t\t\t\t\t\t<\/div>\n\t\t\t\t<div class=\"elementor-element elementor-element-2ef7bff elementor-widget elementor-widget-text-editor\" data-id=\"2ef7bff\" data-element_type=\"widget\" data-widget_type=\"text-editor.default\">\n\t\t\t\t\t\t\t\t\t<p>Thank you for your trust.<\/p>\t\t\t\t\t\t\t\t<\/div>\n\t\t\t\t<div class=\"elementor-element elementor-element-9362ba4 elementor-widget elementor-widget-button\" data-id=\"9362ba4\" data-element_type=\"widget\" data-widget_type=\"button.default\">\n\t\t\t\t\t\t\t\t\t\t<a class=\"elementor-button elementor-button-link elementor-size-sm\" href=\"https:\/\/artsbaques.com\/en\/contacto\/\">\n\t\t\t\t\t\t<span class=\"elementor-button-content-wrapper\">\n\t\t\t\t\t\t\t\t\t<span class=\"elementor-button-text\">Contact<\/span>\n\t\t\t\t\t<\/span>\n\t\t\t\t\t<\/a>\n\t\t\t\t\t\t\t\t<\/div>\n\t\t\t\t<\/div>\n\t\t\t\t\t<\/div>\n\t\t\t\t<\/div>\n\t\t<div class=\"elementor-element elementor-element-50c75c5 e-flex e-con-boxed e-con e-parent\" data-id=\"50c75c5\" data-element_type=\"container\">\n\t\t\t\t\t<div class=\"e-con-inner\">\n\t\t<div class=\"elementor-element elementor-element-49f8394 e-con-full e-flex e-con e-child\" data-id=\"49f8394\" data-element_type=\"container\">\n\t\t\t\t<div class=\"elementor-element elementor-element-62d86cf elementor-widget elementor-widget-image\" data-id=\"62d86cf\" data-element_type=\"widget\" data-widget_type=\"image.default\">\n\t\t\t\t\t\t\t\t\t\t\t\t\t\t\t<img loading=\"lazy\" decoding=\"async\" width=\"800\" height=\"600\" src=\"https:\/\/artsbaques.com\/wp-content\/uploads\/2025\/09\/20240704_203004-1024x768.jpg\" class=\"attachment-large size-large wp-image-92\" alt=\"\" srcset=\"https:\/\/artsbaques.com\/wp-content\/uploads\/2025\/09\/20240704_203004-1024x768.jpg 1024w, https:\/\/artsbaques.com\/wp-content\/uploads\/2025\/09\/20240704_203004-300x225.jpg 300w, https:\/\/artsbaques.com\/wp-content\/uploads\/2025\/09\/20240704_203004-768x576.jpg 768w, https:\/\/artsbaques.com\/wp-content\/uploads\/2025\/09\/20240704_203004-1536x1152.jpg 1536w, https:\/\/artsbaques.com\/wp-content\/uploads\/2025\/09\/20240704_203004-2048x1536.jpg 2048w, https:\/\/artsbaques.com\/wp-content\/uploads\/2025\/09\/20240704_203004-16x12.jpg 16w\" sizes=\"(max-width: 800px) 100vw, 800px\" \/>\t\t\t\t\t\t\t\t\t\t\t\t\t\t\t<\/div>\n\t\t\t\t<\/div>\n\t\t<div class=\"elementor-element elementor-element-dd798d8 e-con-full e-flex e-con e-child\" data-id=\"dd798d8\" data-element_type=\"container\">\n\t\t\t\t<div class=\"elementor-element elementor-element-3fa060b elementor-widget elementor-widget-image\" data-id=\"3fa060b\" data-element_type=\"widget\" data-widget_type=\"image.default\">\n\t\t\t\t\t\t\t\t\t\t\t\t\t\t\t<img loading=\"lazy\" decoding=\"async\" width=\"800\" height=\"600\" src=\"https:\/\/artsbaques.com\/wp-content\/uploads\/2025\/09\/20240704_202952-1024x768.jpg\" class=\"attachment-large size-large wp-image-91\" alt=\"\" srcset=\"https:\/\/artsbaques.com\/wp-content\/uploads\/2025\/09\/20240704_202952-1024x768.jpg 1024w, https:\/\/artsbaques.com\/wp-content\/uploads\/2025\/09\/20240704_202952-300x225.jpg 300w, https:\/\/artsbaques.com\/wp-content\/uploads\/2025\/09\/20240704_202952-768x576.jpg 768w, https:\/\/artsbaques.com\/wp-content\/uploads\/2025\/09\/20240704_202952-1536x1152.jpg 1536w, https:\/\/artsbaques.com\/wp-content\/uploads\/2025\/09\/20240704_202952-2048x1536.jpg 2048w, https:\/\/artsbaques.com\/wp-content\/uploads\/2025\/09\/20240704_202952-16x12.jpg 16w\" sizes=\"(max-width: 800px) 100vw, 800px\" \/>\t\t\t\t\t\t\t\t\t\t\t\t\t\t\t<\/div>\n\t\t\t\t<\/div>\n\t\t\t\t\t<\/div>\n\t\t\t\t<\/div>\n\t\t\t\t<\/div>","protected":false},"excerpt":{"rendered":"<p>Bienvenidos a Arts &amp; Baqu\u00e9s Un espacio dedicado al arte y la tradici\u00f3n, donde cada obra cuenta una historia y cada adquisici\u00f3n se convierte en legado. Descubra nuestra selecci\u00f3n de obras \u00fanicas de artistas de renombre internacional.Entre ellas encontrar\u00e1 piezas de Dal\u00ed, Mir\u00f3 y Picasso, disponibles actualmente para su adquisici\u00f3n. En Arts &amp; Baqu\u00e9s creemos [&hellip;]<\/p>","protected":false},"author":2,"featured_media":0,"parent":0,"menu_order":0,"comment_status":"closed","ping_status":"closed","template":"elementor_header_footer","meta":{"footnotes":""},"class_list":["post-15","page","type-page","status-publish","hentry"],"yoast_head":"<!-- This site is optimized with the Yoast SEO plugin v25.9 - https:\/\/yoast.com\/wordpress\/plugins\/seo\/ -->\n<title>Inicio - Arts&amp;Baqu\u00e9s<\/title>\n<meta name=\"robots\" content=\"index, follow, max-snippet:-1, max-image-preview:large, max-video-preview:-1\" \/>\n<link rel=\"canonical\" href=\"https:\/\/artsbaques.com\/en\/\" \/>\n<meta property=\"og:locale\" content=\"en_GB\" \/>\n<meta property=\"og:type\" content=\"article\" \/>\n<meta property=\"og:title\" content=\"Inicio - Arts&amp;Baqu\u00e9s\" \/>\n<meta property=\"og:description\" content=\"Bienvenidos a Arts &amp; Baqu\u00e9s Un espacio dedicado al arte y la tradici\u00f3n, donde cada obra cuenta una historia y cada adquisici\u00f3n se convierte en legado. Descubra nuestra selecci\u00f3n de obras \u00fanicas de artistas de renombre internacional.Entre ellas encontrar\u00e1 piezas de Dal\u00ed, Mir\u00f3 y Picasso, disponibles actualmente para su adquisici\u00f3n. En Arts &amp; Baqu\u00e9s creemos [&hellip;]\" \/>\n<meta property=\"og:url\" content=\"https:\/\/artsbaques.com\/en\/\" \/>\n<meta property=\"og:site_name\" content=\"Arts&amp;Baqu\u00e9s\" \/>\n<meta property=\"article:modified_time\" content=\"2025-09-18T14:25:45+00:00\" \/>\n<meta property=\"og:image\" content=\"https:\/\/artsbaques.com\/wp-content\/uploads\/2025\/09\/2025_09_15-13_40-Office-Lens-2.jpg\" \/>\n\t<meta property=\"og:image:width\" content=\"1167\" \/>\n\t<meta property=\"og:image:height\" content=\"1600\" \/>\n\t<meta property=\"og:image:type\" content=\"image\/jpeg\" \/>\n<meta name=\"twitter:card\" content=\"summary_large_image\" \/>\n<meta name=\"twitter:label1\" content=\"Estimated reading time\" \/>\n\t<meta name=\"twitter:data1\" content=\"1 minute\" \/>\n<script type=\"application\/ld+json\" class=\"yoast-schema-graph\">{\"@context\":\"https:\/\/schema.org\",\"@graph\":[{\"@type\":\"WebPage\",\"@id\":\"https:\/\/artsbaques.com\/\",\"url\":\"https:\/\/artsbaques.com\/\",\"name\":\"Inicio - Arts&amp;Baqu\u00e9s\",\"isPartOf\":{\"@id\":\"https:\/\/artsbaques.com\/#website\"},\"primaryImageOfPage\":{\"@id\":\"https:\/\/artsbaques.com\/#primaryimage\"},\"image\":{\"@id\":\"https:\/\/artsbaques.com\/#primaryimage\"},\"thumbnailUrl\":\"https:\/\/artsbaques.com\/wp-content\/uploads\/2025\/09\/2025_09_15-13_40-Office-Lens-2-747x1024.jpg\",\"datePublished\":\"2025-09-16T09:41:22+00:00\",\"dateModified\":\"2025-09-18T14:25:45+00:00\",\"breadcrumb\":{\"@id\":\"https:\/\/artsbaques.com\/#breadcrumb\"},\"inLanguage\":\"en-GB\",\"potentialAction\":[{\"@type\":\"ReadAction\",\"target\":[\"https:\/\/artsbaques.com\/\"]}]},{\"@type\":\"ImageObject\",\"inLanguage\":\"en-GB\",\"@id\":\"https:\/\/artsbaques.com\/#primaryimage\",\"url\":\"https:\/\/artsbaques.com\/wp-content\/uploads\/2025\/09\/2025_09_15-13_40-Office-Lens-2-747x1024.jpg\",\"contentUrl\":\"https:\/\/artsbaques.com\/wp-content\/uploads\/2025\/09\/2025_09_15-13_40-Office-Lens-2-747x1024.jpg\"},{\"@type\":\"BreadcrumbList\",\"@id\":\"https:\/\/artsbaques.com\/#breadcrumb\",\"itemListElement\":[{\"@type\":\"ListItem\",\"position\":1,\"name\":\"Portada\",\"item\":\"https:\/\/artsbaques.com\/\"},{\"@type\":\"ListItem\",\"position\":2,\"name\":\"Inicio\"}]},{\"@type\":\"WebSite\",\"@id\":\"https:\/\/artsbaques.com\/#website\",\"url\":\"https:\/\/artsbaques.com\/\",\"name\":\"Arts&amp;Baqu\u00e9s\",\"description\":\"\",\"publisher\":{\"@id\":\"https:\/\/artsbaques.com\/#organization\"},\"potentialAction\":[{\"@type\":\"SearchAction\",\"target\":{\"@type\":\"EntryPoint\",\"urlTemplate\":\"https:\/\/artsbaques.com\/?s={search_term_string}\"},\"query-input\":{\"@type\":\"PropertyValueSpecification\",\"valueRequired\":true,\"valueName\":\"search_term_string\"}}],\"inLanguage\":\"en-GB\"},{\"@type\":\"Organization\",\"@id\":\"https:\/\/artsbaques.com\/#organization\",\"name\":\"Arts&amp;Baqu\u00e9s\",\"url\":\"https:\/\/artsbaques.com\/\",\"logo\":{\"@type\":\"ImageObject\",\"inLanguage\":\"en-GB\",\"@id\":\"https:\/\/artsbaques.com\/#\/schema\/logo\/image\/\",\"url\":\"https:\/\/artsbaques.com\/wp-content\/uploads\/2025\/09\/logoartsbaques-scaled-e1758180909186.png\",\"contentUrl\":\"https:\/\/artsbaques.com\/wp-content\/uploads\/2025\/09\/logoartsbaques-scaled-e1758180909186.png\",\"width\":2560,\"height\":1438,\"caption\":\"Arts&amp;Baqu\u00e9s\"},\"image\":{\"@id\":\"https:\/\/artsbaques.com\/#\/schema\/logo\/image\/\"}}]}<\/script>\n<!-- \/ Yoast SEO plugin. -->","yoast_head_json":{"title":"Inicio - Arts&amp;Baqu\u00e9s","robots":{"index":"index","follow":"follow","max-snippet":"max-snippet:-1","max-image-preview":"max-image-preview:large","max-video-preview":"max-video-preview:-1"},"canonical":"https:\/\/artsbaques.com\/en\/","og_locale":"en_GB","og_type":"article","og_title":"Inicio - Arts&amp;Baqu\u00e9s","og_description":"Bienvenidos a Arts &amp; Baqu\u00e9s Un espacio dedicado al arte y la tradici\u00f3n, donde cada obra cuenta una historia y cada adquisici\u00f3n se convierte en legado. Descubra nuestra selecci\u00f3n de obras \u00fanicas de artistas de renombre internacional.Entre ellas encontrar\u00e1 piezas de Dal\u00ed, Mir\u00f3 y Picasso, disponibles actualmente para su adquisici\u00f3n. En Arts &amp; Baqu\u00e9s creemos [&hellip;]","og_url":"https:\/\/artsbaques.com\/en\/","og_site_name":"Arts&amp;Baqu\u00e9s","article_modified_time":"2025-09-18T14:25:45+00:00","og_image":[{"width":1167,"height":1600,"url":"https:\/\/artsbaques.com\/wp-content\/uploads\/2025\/09\/2025_09_15-13_40-Office-Lens-2.jpg","type":"image\/jpeg"}],"twitter_card":"summary_large_image","twitter_misc":{"Estimated reading time":"1 minute"},"schema":{"@context":"https:\/\/schema.org","@graph":[{"@type":"WebPage","@id":"https:\/\/artsbaques.com\/","url":"https:\/\/artsbaques.com\/","name":"Inicio - Arts&amp;Baqu\u00e9s","isPartOf":{"@id":"https:\/\/artsbaques.com\/#website"},"primaryImageOfPage":{"@id":"https:\/\/artsbaques.com\/#primaryimage"},"image":{"@id":"https:\/\/artsbaques.com\/#primaryimage"},"thumbnailUrl":"https:\/\/artsbaques.com\/wp-content\/uploads\/2025\/09\/2025_09_15-13_40-Office-Lens-2-747x1024.jpg","datePublished":"2025-09-16T09:41:22+00:00","dateModified":"2025-09-18T14:25:45+00:00","breadcrumb":{"@id":"https:\/\/artsbaques.com\/#breadcrumb"},"inLanguage":"en-GB","potentialAction":[{"@type":"ReadAction","target":["https:\/\/artsbaques.com\/"]}]},{"@type":"ImageObject","inLanguage":"en-GB","@id":"https:\/\/artsbaques.com\/#primaryimage","url":"https:\/\/artsbaques.com\/wp-content\/uploads\/2025\/09\/2025_09_15-13_40-Office-Lens-2-747x1024.jpg","contentUrl":"https:\/\/artsbaques.com\/wp-content\/uploads\/2025\/09\/2025_09_15-13_40-Office-Lens-2-747x1024.jpg"},{"@type":"BreadcrumbList","@id":"https:\/\/artsbaques.com\/#breadcrumb","itemListElement":[{"@type":"ListItem","position":1,"name":"Portada","item":"https:\/\/artsbaques.com\/"},{"@type":"ListItem","position":2,"name":"Inicio"}]},{"@type":"WebSite","@id":"https:\/\/artsbaques.com\/#website","url":"https:\/\/artsbaques.com\/","name":"Arts&amp;Baqu\u00e9s","description":"","publisher":{"@id":"https:\/\/artsbaques.com\/#organization"},"potentialAction":[{"@type":"SearchAction","target":{"@type":"EntryPoint","urlTemplate":"https:\/\/artsbaques.com\/?s={search_term_string}"},"query-input":{"@type":"PropertyValueSpecification","valueRequired":true,"valueName":"search_term_string"}}],"inLanguage":"en-GB"},{"@type":"Organization","@id":"https:\/\/artsbaques.com\/#organization","name":"Arts&amp;Baqu\u00e9s","url":"https:\/\/artsbaques.com\/","logo":{"@type":"ImageObject","inLanguage":"en-GB","@id":"https:\/\/artsbaques.com\/#\/schema\/logo\/image\/","url":"https:\/\/artsbaques.com\/wp-content\/uploads\/2025\/09\/logoartsbaques-scaled-e1758180909186.png","contentUrl":"https:\/\/artsbaques.com\/wp-content\/uploads\/2025\/09\/logoartsbaques-scaled-e1758180909186.png","width":2560,"height":1438,"caption":"Arts&amp;Baqu\u00e9s"},"image":{"@id":"https:\/\/artsbaques.com\/#\/schema\/logo\/image\/"}}]}},"_links":{"self":[{"href":"https:\/\/artsbaques.com\/en\/wp-json\/wp\/v2\/pages\/15","targetHints":{"allow":["GET"]}}],"collection":[{"href":"https:\/\/artsbaques.com\/en\/wp-json\/wp\/v2\/pages"}],"about":[{"href":"https:\/\/artsbaques.com\/en\/wp-json\/wp\/v2\/types\/page"}],"author":[{"embeddable":true,"href":"https:\/\/artsbaques.com\/en\/wp-json\/wp\/v2\/users\/2"}],"replies":[{"embeddable":true,"href":"https:\/\/artsbaques.com\/en\/wp-json\/wp\/v2\/comments?post=15"}],"version-history":[{"count":43,"href":"https:\/\/artsbaques.com\/en\/wp-json\/wp\/v2\/pages\/15\/revisions"}],"predecessor-version":[{"id":219,"href":"https:\/\/artsbaques.com\/en\/wp-json\/wp\/v2\/pages\/15\/revisions\/219"}],"wp:attachment":[{"href":"https:\/\/artsbaques.com\/en\/wp-json\/wp\/v2\/media?parent=15"}],"curies":[{"name":"wp","href":"https:\/\/api.w.org\/{rel}","templated":true}]}}